{"id":759,"date":"2025-05-01T13:38:32","date_gmt":"2025-05-01T13:38:32","guid":{"rendered":"https:\/\/nukunaexport.com\/?page_id=759"},"modified":"2025-05-01T13:43:58","modified_gmt":"2025-05-01T13:43:58","slug":"uso-de-cookies","status":"publish","type":"page","link":"https:\/\/nukunaexport.com\/index.php\/uso-de-cookies\/","title":{"rendered":"Uso de Cookies"},"content":{"rendered":"\t\t<div data-elementor-type=\"wp-page\" data-elementor-id=\"759\" class=\"elementor elementor-759\">\n\t\t\t\t<div class=\"elementor-element elementor-element-a7853e1 e-flex e-con-boxed wpr-particle-no wpr-jarallax-no wpr-parallax-no wpr-sticky-section-no e-con e-parent\" data-id=\"a7853e1\" data-element_type=\"container\">\n\t\t\t\t\t<div class=\"e-con-inner\">\n\t\t\t\t<div class=\"elementor-element elementor-element-42af045 elementor-widget elementor-widget-heading\" data-id=\"42af045\" data-element_type=\"widget\" data-widget_type=\"heading.default\">\n\t\t\t\t<div class=\"elementor-widget-container\">\n\t\t\t\t\t<h2 class=\"elementor-heading-title elementor-size-default\">POL\u00cdTICA DE COOKIES<\/h2>\t\t\t\t<\/div>\n\t\t\t\t<\/div>\n\t\t\t\t\t<\/div>\n\t\t\t\t<\/div>\n\t\t<div class=\"elementor-element elementor-element-69b8c62 e-flex e-con-boxed wpr-particle-no wpr-jarallax-no wpr-parallax-no wpr-sticky-section-no e-con e-parent\" data-id=\"69b8c62\" data-element_type=\"container\">\n\t\t\t\t\t<div class=\"e-con-inner\">\n\t\t\t\t<div class=\"elementor-element elementor-element-55c693b elementor-widget elementor-widget-text-editor\" data-id=\"55c693b\" data-element_type=\"widget\" data-widget_type=\"text-editor.default\">\n\t\t\t\t<div class=\"elementor-widget-container\">\n\t\t\t\t\t\t\t\t\t<p>Utilizamos las cookies s\u00f3lo para recabar datos estad\u00edsticos an\u00f3nimos durante su navegaci\u00f3n en este sitio web.<\/p>\n<p><b>\u00bfQu\u00e9 es una Cookie?<\/b><\/p>\n<p>Una cookie es un peque\u00f1o fichero de letras y cifras que se descarga en su ordenador al acceder a determinados sitios web. Las cookies permiten a un sitio web reconocer el<br>navegador de un usuario y no contienen ni recopilan informaci\u00f3n.&nbsp;<\/p>\n<p><b>Las cookies que utilizamos en Nukuna Export:<\/b><\/p>\n<ul>\n<li>Google Analytics: Utilizamos cookies de uso estad\u00edstico para recopilar informaci\u00f3n an\u00f3nima sobre los visitantes del sitio web. Esta informaci\u00f3n nos ayuda a generar informes y mejorar los contenidos que ofrecemos. Los datos recopilados incluyen procedencia, n\u00famero de visitantes y p\u00e1ginas visitadas.<\/li>\n<li><span style=\"font-size: 1rem;\">Microsoft Clarity: Mejoramos nuestros productos y publicidad utilizando Microsoft&nbsp;<\/span><span style=\"font-size: 1rem;\">Clarity para observar c\u00f3mo interact\u00faas con nuestro sitio web. Al utilizar nuestro sitio,&nbsp;<\/span><span style=\"font-size: 1rem;\">aceptas que tanto nosotros como Microsoft recopilemos y utilicemos estos datos.&nbsp;<\/span><span style=\"font-size: 1rem;\">Consulta nuestra&nbsp;Pol\u00edtica de Privacidad&nbsp;para m\u00e1s detalles.<\/span><\/li>\n<\/ul>\n<p>Duraci\u00f3n de las cookies:&nbsp;La duraci\u00f3n de las cookies en este sitio web puede oscilar entre 100 d\u00edas y 1 a\u00f1o.<\/p>\n<p>Mejoramos nuestros productos y publicidad utilizando Microsoft Clarity para ver c\u00f3mo utilizas nuestro sitio web. Al utilizar nuestro sitio, aceptas que nosotros y Microsoft podemos recopila&nbsp;y utilizar estos datos. Nuestra declaraci\u00f3n de privacidad&nbsp;(Pol\u00edtica de Privacidad)&nbsp;tiene m\u00e1s detalles.<\/p>\n<p><b>&nbsp;\u00bfC\u00f3mo desactivar las Cookies?<br><\/b>Puede desactivar las cookies de su navegador modificando los ajustes en \u00abopciones\u00bb o<br>\u00abpreferencias\u00bb. Recuerda que desactivar las cookies puede afectar la funcionalidad de algunos<br>sitios web.<\/p>\t\t\t\t\t\t\t\t<\/div>\n\t\t\t\t<\/div>\n\t\t\t\t\t<\/div>\n\t\t\t\t<\/div>\n\t\t\t\t<\/div>\n\t\t","protected":false},"excerpt":{"rendered":"<p>POL\u00cdTICA DE COOKIES Utilizamos las cookies s\u00f3lo para recabar datos estad\u00edsticos an\u00f3nimos durante su navegaci\u00f3n en este sitio web. \u00bfQu\u00e9 es una Cookie? Una cookie es un peque\u00f1o fichero de letras y cifras que se descarga en su ordenador al acceder a determinados sitios web. Las cookies permiten a un sitio web reconocer elnavegador de un usuario y no contienen ni recopilan informaci\u00f3n.&nbsp; Las cookies que utilizamos en Nukuna Export: Google Analytics: Utilizamos cookies de uso estad\u00edstico para recopilar informaci\u00f3n an\u00f3nima sobre los visitantes del sitio web. Esta informaci\u00f3n nos ayuda a generar informes y mejorar los contenidos que ofrecemos. Los datos recopilados incluyen procedencia, n\u00famero de visitantes y p\u00e1ginas visitadas. Microsoft Clarity: Mejoramos nuestros productos y publicidad utilizando Microsoft&nbsp;Clarity para observar c\u00f3mo interact\u00faas con nuestro sitio web. Al utilizar nuestro sitio,&nbsp;aceptas que tanto nosotros como Microsoft recopilemos y utilicemos estos datos.&nbsp;Consulta nuestra&nbsp;Pol\u00edtica de Privacidad&nbsp;para m\u00e1s detalles. Duraci\u00f3n de las cookies:&nbsp;La duraci\u00f3n de las cookies en este sitio web puede oscilar entre 100 d\u00edas y 1 a\u00f1o. Mejoramos nuestros productos y publicidad utilizando Microsoft Clarity para ver c\u00f3mo utilizas nuestro sitio web. Al utilizar nuestro sitio, aceptas que nosotros y Microsoft podemos recopila&nbsp;y utilizar estos datos. Nuestra declaraci\u00f3n de privacidad&nbsp;(Pol\u00edtica de Privacidad)&nbsp;tiene m\u00e1s detalles. &nbsp;\u00bfC\u00f3mo desactivar las Cookies?Puede desactivar las cookies de su navegador modificando los ajustes en \u00abopciones\u00bb o\u00abpreferencias\u00bb. Recuerda que desactivar las cookies puede afectar la funcionalidad de algunossitios web.<\/p>\n","protected":false},"author":1,"featured_media":0,"parent":0,"menu_order":0,"comment_status":"closed","ping_status":"closed","template":"","meta":{"footnotes":""},"class_list":["post-759","page","type-page","status-publish","hentry"],"_links":{"self":[{"href":"https:\/\/nukunaexport.com\/index.php\/wp-json\/wp\/v2\/pages\/759","targetHints":{"allow":["GET"]}}],"collection":[{"href":"https:\/\/nukunaexport.com\/index.php\/wp-json\/wp\/v2\/pages"}],"about":[{"href":"https:\/\/nukunaexport.com\/index.php\/wp-json\/wp\/v2\/types\/page"}],"author":[{"embeddable":true,"href":"https:\/\/nukunaexport.com\/index.php\/wp-json\/wp\/v2\/users\/1"}],"replies":[{"embeddable":true,"href":"https:\/\/nukunaexport.com\/index.php\/wp-json\/wp\/v2\/comments?post=759"}],"version-history":[{"count":7,"href":"https:\/\/nukunaexport.com\/index.php\/wp-json\/wp\/v2\/pages\/759\/revisions"}],"predecessor-version":[{"id":767,"href":"https:\/\/nukunaexport.com\/index.php\/wp-json\/wp\/v2\/pages\/759\/revisions\/767"}],"wp:attachment":[{"href":"https:\/\/nukunaexport.com\/index.php\/wp-json\/wp\/v2\/media?parent=759"}],"curies":[{"name":"wp","href":"https:\/\/api.w.org\/{rel}","templated":true}]}}