{"id":697,"date":"2025-05-01T06:09:52","date_gmt":"2025-05-01T06:09:52","guid":{"rendered":"https:\/\/nukunaexport.com\/?page_id=697"},"modified":"2025-05-01T06:14:54","modified_gmt":"2025-05-01T06:14:54","slug":"pitahaya-amarilla","status":"publish","type":"page","link":"https:\/\/nukunaexport.com\/index.php\/pitahaya-amarilla\/","title":{"rendered":"Pitahaya amarilla"},"content":{"rendered":"\t\t<div data-elementor-type=\"wp-page\" data-elementor-id=\"697\" class=\"elementor elementor-697\">\n\t\t\t\t<div class=\"elementor-element elementor-element-5ccb001 e-con-full e-flex wpr-particle-no wpr-jarallax-no wpr-parallax-no wpr-sticky-section-no e-con e-parent\" data-id=\"5ccb001\" data-element_type=\"container\" data-settings=\"{&quot;background_background&quot;:&quot;classic&quot;}\">\n\t\t\t\t<div class=\"elementor-element elementor-element-5a91fdb elementor-widget elementor-widget-heading\" data-id=\"5a91fdb\" data-element_type=\"widget\" data-widget_type=\"heading.default\">\n\t\t\t\t<div class=\"elementor-widget-container\">\n\t\t\t\t\t<h2 class=\"elementor-heading-title elementor-size-default\">Yellow Dragon Fruit<\/h2>\t\t\t\t<\/div>\n\t\t\t\t<\/div>\n\t\t\t\t<\/div>\n\t\t<div class=\"elementor-element elementor-element-0cad201 e-flex e-con-boxed wpr-particle-no wpr-jarallax-no wpr-parallax-no wpr-sticky-section-no e-con e-parent\" data-id=\"0cad201\" data-element_type=\"container\" data-settings=\"{&quot;background_background&quot;:&quot;classic&quot;}\">\n\t\t\t\t\t<div class=\"e-con-inner\">\n\t\t<div class=\"elementor-element elementor-element-88560bb e-con-full e-flex wpr-particle-no wpr-jarallax-no wpr-parallax-no wpr-sticky-section-no e-con e-child\" data-id=\"88560bb\" data-element_type=\"container\">\n\t\t\t\t<div class=\"elementor-element elementor-element-07a64b0 elementor-widget elementor-widget-spacer\" data-id=\"07a64b0\" data-element_type=\"widget\" data-widget_type=\"spacer.default\">\n\t\t\t\t<div class=\"elementor-widget-container\">\n\t\t\t\t\t\t\t<div class=\"elementor-spacer\">\n\t\t\t<div class=\"elementor-spacer-inner\"><\/div>\n\t\t<\/div>\n\t\t\t\t\t\t<\/div>\n\t\t\t\t<\/div>\n\t\t\t\t<div class=\"elementor-element elementor-element-9006023 elementor-widget__width-initial elementor-widget elementor-widget-image\" data-id=\"9006023\" data-element_type=\"widget\" data-widget_type=\"image.default\">\n\t\t\t\t<div class=\"elementor-widget-container\">\n\t\t\t\t\t\t\t\t\t\t\t\t\t\t\t<img fetchpriority=\"high\" decoding=\"async\" width=\"514\" height=\"366\" src=\"https:\/\/nukunaexport.com\/wp-content\/uploads\/2025\/05\/istockphoto-1198232204-612x612-1-e1746080005554.jpg\" class=\"attachment-full size-full wp-image-710\" alt=\"\" srcset=\"https:\/\/nukunaexport.com\/wp-content\/uploads\/2025\/05\/istockphoto-1198232204-612x612-1-e1746080005554.jpg 514w, https:\/\/nukunaexport.com\/wp-content\/uploads\/2025\/05\/istockphoto-1198232204-612x612-1-e1746080005554-300x214.jpg 300w\" sizes=\"(max-width: 514px) 100vw, 514px\" \/>\t\t\t\t\t\t\t\t\t\t\t\t\t\t\t<\/div>\n\t\t\t\t<\/div>\n\t\t\t\t<div class=\"elementor-element elementor-element-baec565 elementor-widget elementor-widget-heading\" data-id=\"baec565\" data-element_type=\"widget\" data-widget_type=\"heading.default\">\n\t\t\t\t<div class=\"elementor-widget-container\">\n\t\t\t\t\t<h2 class=\"elementor-heading-title elementor-size-default\">Ubicacion geografica<\/h2>\t\t\t\t<\/div>\n\t\t\t\t<\/div>\n\t\t\t\t<div class=\"elementor-element elementor-element-fab0d5a elementor-widget__width-initial elementor-widget elementor-widget-text-editor\" data-id=\"fab0d5a\" data-element_type=\"widget\" data-widget_type=\"text-editor.default\">\n\t\t\t\t<div class=\"elementor-widget-container\">\n\t\t\t\t\t\t\t\t\t<p>Morona Santiago, Los R\u00edos, Guayas, Santo Domingo.<\/p>\t\t\t\t\t\t\t\t<\/div>\n\t\t\t\t<\/div>\n\t\t\t\t<\/div>\n\t\t<div class=\"elementor-element elementor-element-b1fdc3e e-con-full e-flex wpr-particle-no wpr-jarallax-no wpr-parallax-no wpr-sticky-section-no e-con e-child\" data-id=\"b1fdc3e\" data-element_type=\"container\" data-settings=\"{&quot;background_background&quot;:&quot;classic&quot;}\">\n\t\t<div class=\"elementor-element elementor-element-f83a4d6 e-con-full e-flex wpr-particle-no wpr-jarallax-no wpr-parallax-no wpr-sticky-section-no e-con e-child\" data-id=\"f83a4d6\" data-element_type=\"container\">\n\t\t<div class=\"elementor-element elementor-element-ee546b4 e-con-full e-flex wpr-particle-no wpr-jarallax-no wpr-parallax-no wpr-sticky-section-no e-con e-child\" data-id=\"ee546b4\" data-element_type=\"container\">\n\t\t\t\t<div class=\"elementor-element elementor-element-453016a elementor-widget elementor-widget-heading\" data-id=\"453016a\" data-element_type=\"widget\" data-widget_type=\"heading.default\">\n\t\t\t\t<div class=\"elementor-widget-container\">\n\t\t\t\t\t<h2 class=\"elementor-heading-title elementor-size-default\">Descripcion<\/h2>\t\t\t\t<\/div>\n\t\t\t\t<\/div>\n\t\t\t\t<div class=\"elementor-element elementor-element-f647c2b elementor-widget__width-initial elementor-widget elementor-widget-text-editor\" data-id=\"f647c2b\" data-element_type=\"widget\" data-widget_type=\"text-editor.default\">\n\t\t\t\t<div class=\"elementor-widget-container\">\n\t\t\t\t\t\t\t\t\t<p>La pitahaya amarilla es una fruta ex\u00f3tica de sabor dulce y refrescante, apreciada por su alto contenido en fibra y propiedades digestivas. Su origen se encuentra principalmente en Palora \u2013 Ecuador.<\/p>\t\t\t\t\t\t\t\t<\/div>\n\t\t\t\t<\/div>\n\t\t\t\t<div class=\"elementor-element elementor-element-b9af021 elementor-widget elementor-widget-heading\" data-id=\"b9af021\" data-element_type=\"widget\" data-widget_type=\"heading.default\">\n\t\t\t\t<div class=\"elementor-widget-container\">\n\t\t\t\t\t<h2 class=\"elementor-heading-title elementor-size-default\">Usos<\/h2>\t\t\t\t<\/div>\n\t\t\t\t<\/div>\n\t\t\t\t<div class=\"elementor-element elementor-element-d65e7f3 elementor-widget__width-initial elementor-widget elementor-widget-text-editor\" data-id=\"d65e7f3\" data-element_type=\"widget\" data-widget_type=\"text-editor.default\">\n\t\t\t\t<div class=\"elementor-widget-container\">\n\t\t\t\t\t\t\t\t\t<p>Gracias a la vitamina C, la pitaya mejora la absorci\u00f3n del hierro de los alimentos (para evitar o combatir la anemia), perfecta para la formaci\u00f3n de col\u00e1geno, gl\u00f3bulos rojos, huesos y dientes.<br \/>Es antioxidante, antiinflamatoria y antitumoral. Protege contra las enfermedades de c\u00e1ncer y del coraz\u00f3n.<\/p>\t\t\t\t\t\t\t\t<\/div>\n\t\t\t\t<\/div>\n\t\t\t\t<\/div>\n\t\t\t\t<\/div>\n\t\t\t\t<\/div>\n\t\t\t\t\t<\/div>\n\t\t\t\t<\/div>\n\t\t\t\t<\/div>\n\t\t","protected":false},"excerpt":{"rendered":"<p>Yellow Dragon Fruit Ubicacion geografica Morona Santiago, Los R\u00edos, Guayas, Santo Domingo. Descripcion La pitahaya amarilla es una fruta ex\u00f3tica de sabor dulce y refrescante, apreciada por su alto contenido en fibra y propiedades digestivas. Su origen se encuentra principalmente en Palora \u2013 Ecuador. Usos Gracias a la vitamina C, la pitaya mejora la absorci\u00f3n del hierro de los alimentos (para evitar o combatir la anemia), perfecta para la formaci\u00f3n de col\u00e1geno, gl\u00f3bulos rojos, huesos y dientes.Es antioxidante, antiinflamatoria y antitumoral. Protege contra las enfermedades de c\u00e1ncer y del coraz\u00f3n.<\/p>\n","protected":false},"author":1,"featured_media":0,"parent":0,"menu_order":0,"comment_status":"closed","ping_status":"closed","template":"","meta":{"footnotes":""},"class_list":["post-697","page","type-page","status-publish","hentry"],"_links":{"self":[{"href":"https:\/\/nukunaexport.com\/index.php\/wp-json\/wp\/v2\/pages\/697","targetHints":{"allow":["GET"]}}],"collection":[{"href":"https:\/\/nukunaexport.com\/index.php\/wp-json\/wp\/v2\/pages"}],"about":[{"href":"https:\/\/nukunaexport.com\/index.php\/wp-json\/wp\/v2\/types\/page"}],"author":[{"embeddable":true,"href":"https:\/\/nukunaexport.com\/index.php\/wp-json\/wp\/v2\/users\/1"}],"replies":[{"embeddable":true,"href":"https:\/\/nukunaexport.com\/index.php\/wp-json\/wp\/v2\/comments?post=697"}],"version-history":[{"count":16,"href":"https:\/\/nukunaexport.com\/index.php\/wp-json\/wp\/v2\/pages\/697\/revisions"}],"predecessor-version":[{"id":716,"href":"https:\/\/nukunaexport.com\/index.php\/wp-json\/wp\/v2\/pages\/697\/revisions\/716"}],"wp:attachment":[{"href":"https:\/\/nukunaexport.com\/index.php\/wp-json\/wp\/v2\/media?parent=697"}],"curies":[{"name":"wp","href":"https:\/\/api.w.org\/{rel}","templated":true}]}}